{"id":435,"date":"2021-01-16T02:25:36","date_gmt":"2021-01-16T02:25:36","guid":{"rendered":"http:\/\/streeteye.net\/?page_id=435"},"modified":"2021-01-16T03:06:29","modified_gmt":"2021-01-16T03:06:29","slug":"ueber","status":"publish","type":"page","link":"https:\/\/streeteye.net\/?page_id=435","title":{"rendered":"\u00dcBER"},"content":{"rendered":"\n<p class=\"has-normal-font-size\">Dies ist eine Projektseite des Digital Storytelling Seminars an der Uni Hamburg. Digital Storytelling wird dabei aus unterschiedlichen Perspektiven aufgezeigt. Es gibt einen \u00dcberblick \u00fcber g\u00e4ngige Online-Tools, Plattformen CMS. Mit praktischen Beispielen werden einzelne&nbsp;Kommunikations- und Inhaltselemente betrachtet und auf Ihre Wirkung quellenkritisch diskutiert.Wir befassen uns mit einzelnen Grundbausteinen des Digital Storytelling&nbsp;wie z.B.: den benutzten Medien, der Perspektive, den Inhalten, der Dramaturgie und der&nbsp;Emotionalisierung. Mit Hilfe dieser Grundlage k\u00f6nnen Studierende, unterst\u00fctzt durch&nbsp;einzelne, praktische \u00dcbungen, ein eigenes Digital Story Konzept erarbeiten und umsetzen.<\/p>\n\n\n\n<p><\/p>\n","protected":false},"excerpt":{"rendered":"<p>Dies ist eine Projektseite des Digital Storytelling Seminars an der Uni Hamburg. Digital Storytelling wird dabei aus unterschiedlichen Perspektiven aufgezeigt. Es gibt einen \u00dcberblick \u00fcber g\u00e4ngige Online-Tools, Plattformen CMS. Mit &#8230;<\/p>\n","protected":false},"author":1,"featured_media":0,"parent":0,"menu_order":0,"comment_status":"closed","ping_status":"closed","template":"template-fullwidth.php","meta":{"footnotes":""},"_links":{"self":[{"href":"https:\/\/streeteye.net\/index.php?rest_route=\/wp\/v2\/pages\/435"}],"collection":[{"href":"https:\/\/streeteye.net\/index.php?rest_route=\/wp\/v2\/pages"}],"about":[{"href":"https:\/\/streeteye.net\/index.php?rest_route=\/wp\/v2\/types\/page"}],"author":[{"embeddable":true,"href":"https:\/\/streeteye.net\/index.php?rest_route=\/wp\/v2\/users\/1"}],"replies":[{"embeddable":true,"href":"https:\/\/streeteye.net\/index.php?rest_route=%2Fwp%2Fv2%2Fcomments&post=435"}],"version-history":[{"count":5,"href":"https:\/\/streeteye.net\/index.php?rest_route=\/wp\/v2\/pages\/435\/revisions"}],"predecessor-version":[{"id":455,"href":"https:\/\/streeteye.net\/index.php?rest_route=\/wp\/v2\/pages\/435\/revisions\/455"}],"wp:attachment":[{"href":"https:\/\/streeteye.net\/index.php?rest_route=%2Fwp%2Fv2%2Fmedia&parent=435"}],"curies":[{"name":"wp","href":"https:\/\/api.w.org\/{rel}","templated":true}]}}